{"id":23,"date":"2025-11-29T20:38:19","date_gmt":"2025-11-29T20:38:19","guid":{"rendered":"https:\/\/moedsmederij.nl\/?page_id=23"},"modified":"2026-01-21T21:33:57","modified_gmt":"2026-01-21T21:33:57","slug":"partner-worden","status":"publish","type":"page","link":"https:\/\/moedsmederij.nl\/?page_id=23","title":{"rendered":"Partner worden"},"content":{"rendered":"<p><div class=\"fusion-fullwidth fullwidth-box fusion-builder-row-1 fusion-flex-container has-pattern-background has-mask-background nonhundred-percent-fullwidth non-hundred-percent-height-scrolling\" style=\"--awb-border-radius-top-left:0px;--awb-border-radius-top-right:0px;--awb-border-radius-bottom-right:0px;--awb-border-radius-bottom-left:0px;--awb-flex-wrap:wrap;\" ><div class=\"fusion-builder-row fusion-row fusion-flex-align-items-flex-start fusion-flex-content-wrap\" style=\"max-width:1248px;margin-left: calc(-4% \/ 2 );margin-right: calc(-4% \/ 2 );\"><div class=\"fusion-layout-column fusion_builder_column fusion-builder-column-0 fusion_builder_column_1_1 1_1 fusion-flex-column\" style=\"--awb-bg-size:cover;--awb-width-large:100%;--awb-margin-top-large:0px;--awb-spacing-right-large:1.92%;--awb-margin-bottom-large:20px;--awb-spacing-left-large:1.92%;--awb-width-medium:100%;--awb-order-medium:0;--awb-spacing-right-medium:1.92%;--awb-spacing-left-medium:1.92%;--awb-width-small:100%;--awb-order-small:0;--awb-spacing-right-small:1.92%;--awb-spacing-left-small:1.92%;\"><div class=\"fusion-column-wrapper fusion-column-has-shadow fusion-flex-justify-content-flex-start fusion-content-layout-column\"><div class=\"fusion-title title fusion-title-1 fusion-sep-none fusion-title-text fusion-title-size-three\"><h3 class=\"fusion-title-heading title-heading-left\" style=\"margin:0;\">Partner worden<\/h3><\/div><\/div><\/div><div class=\"fusion-layout-column fusion_builder_column fusion-builder-column-1 fusion_builder_column_1_1 1_1 fusion-flex-column\" style=\"--awb-bg-size:cover;--awb-width-large:100%;--awb-margin-top-large:0px;--awb-spacing-right-large:1.92%;--awb-margin-bottom-large:20px;--awb-spacing-left-large:1.92%;--awb-width-medium:100%;--awb-order-medium:0;--awb-spacing-right-medium:1.92%;--awb-spacing-left-medium:1.92%;--awb-width-small:100%;--awb-order-small:0;--awb-spacing-right-small:1.92%;--awb-spacing-left-small:1.92%;\"><div class=\"fusion-column-wrapper fusion-column-has-shadow fusion-flex-justify-content-flex-start fusion-content-layout-column\"><div class=\"fusion-builder-row fusion-builder-row-inner fusion-row fusion-flex-align-items-flex-start fusion-flex-content-wrap\" style=\"--awb-min-height:no;--awb-min-height-medium:no;--awb-min-height-small:no;width:104% !important;max-width:104% !important;margin-left: calc(-4% \/ 2 );margin-right: calc(-4% \/ 2 );\"><div class=\"fusion-layout-column fusion_builder_column_inner fusion-builder-nested-column-0 fusion_builder_column_inner_1_3 1_3 fusion-flex-column\" style=\"--awb-bg-size:cover;--awb-width-large:33.333333333333%;--awb-margin-top-large:0px;--awb-spacing-right-large:5.76%;--awb-margin-bottom-large:20px;--awb-spacing-left-large:5.76%;--awb-width-medium:33.333333333333%;--awb-order-medium:0;--awb-spacing-right-medium:5.76%;--awb-spacing-left-medium:5.76%;--awb-width-small:100%;--awb-order-small:0;--awb-spacing-right-small:1.92%;--awb-spacing-left-small:1.92%;\"><div class=\"fusion-column-wrapper fusion-column-has-shadow fusion-flex-justify-content-flex-start fusion-content-layout-column\"><div class=\"fusion-text fusion-text-1\"><p>Veel verandertrajecten lopen vast omdat de menselijke kant onvoldoende aandacht krijgt. Strategie en modellen zijn vaak goed doordacht, maar zonder psychologische veiligheid en moed komt de verandering niet echt van de grond. Spanningen blijven onuitgesproken en eigenaarschap wordt niet gepakt. Precies daar ligt de kracht van De Moedsmederij: wij borgen de randvoorwaarden waardoor verandering w\u00e9l slaagt.<\/p>\n<p>Wij sluiten aan bij de trajecten van onze partners. Jullie doen waar jullie in goed zijn; wij versterken met de menselijke kant en borgen de randvoorwaarden. Zo ontstaat \u00e9\u00e9n geheel waarin inhoud en cultuur elkaar versterken.<\/p>\n<\/div><\/div><\/div><div class=\"fusion-layout-column fusion_builder_column_inner fusion-builder-nested-column-1 fusion_builder_column_inner_2_3 2_3 fusion-flex-column\" style=\"--awb-bg-size:cover;--awb-width-large:66.666666666667%;--awb-margin-top-large:0px;--awb-spacing-right-large:2.88%;--awb-margin-bottom-large:20px;--awb-spacing-left-large:2.88%;--awb-width-medium:66.666666666667%;--awb-order-medium:0;--awb-spacing-right-medium:2.88%;--awb-spacing-left-medium:2.88%;--awb-width-small:100%;--awb-order-small:0;--awb-spacing-right-small:1.92%;--awb-spacing-left-small:1.92%;\"><div class=\"fusion-column-wrapper fusion-column-has-shadow fusion-flex-justify-content-flex-start fusion-content-layout-column\"><div class=\"accordian fusion-accordian\" style=\"--awb-border-size:1px;--awb-icon-size:16px;--awb-content-font-size:17px;--awb-icon-alignment:left;--awb-hover-color:var(--awb-color2);--awb-border-color:var(--awb-color3);--awb-background-color:var(--awb-color1);--awb-divider-color:var(--awb-color3);--awb-divider-hover-color:var(--awb-color3);--awb-icon-color:var(--awb-color6);--awb-title-color:var(--awb-color3);--awb-content-color:var(--awb-color4);--awb-icon-box-color:var(--awb-color8);--awb-toggle-hover-accent-color:var(--awb-color6);--awb-title-font-family:&quot;Jost&quot;;--awb-title-font-weight:400;--awb-title-font-style:normal;--awb-title-font-size:17px;--awb-title-letter-spacing:var(--awb-typography1-letter-spacing);--awb-title-line-height:var(--awb-typography1-line-height);\"><div class=\"panel-group fusion-toggle-icon-unboxed\" id=\"accordion-23-1\"><div class=\"fusion-panel panel-default panel-0f4ceb196c438d7a7 fusion-toggle-no-divider\"><div class=\"panel-heading\"><h4 class=\"panel-title toggle\" id=\"toggle_0f4ceb196c438d7a7\"><a class=\"active\" aria-expanded=\"true\" aria-controls=\"0f4ceb196c438d7a7\" role=\"button\" data-toggle=\"collapse\" data-target=\"#0f4ceb196c438d7a7\" href=\"#0f4ceb196c438d7a7\"><span class=\"fusion-toggle-icon-wrapper\" aria-hidden=\"true\"><i class=\"fa-fusion-box active-icon fa-angle-down fas\" aria-hidden=\"true\"><\/i><i class=\"fa-fusion-box inactive-icon fa-angle-right fas\" aria-hidden=\"true\"><\/i><\/span><span class=\"fusion-toggle-heading\">Hoe we samenwerken<\/span><\/a><\/h4><\/div><div id=\"0f4ceb196c438d7a7\" class=\"panel-collapse collapse in\" aria-labelledby=\"toggle_0f4ceb196c438d7a7\"><div class=\"panel-body toggle-content fusion-clearfix\">\n<ul>\n<li><span style=\"color: var(--awb-color4);\">Bij trajecten met een grote veranderopgave voeren we vooraf een haalbaarheidsscan uit: is er voldoende psychologische veiligheid en moed aanwezig om het gesprek echt te voeren?<\/span><\/li>\n<li><span style=\"color: var(--awb-color4);\">Tijdens het traject zetten we moedige werkvormen en begeleiding in die veiligheid en moed versterken, zodat implementatie niet stokt maar gedragen wordt.<\/span><\/li>\n<li><span style=\"color: var(--awb-color4);\">De inzet van De Moedsmederij vergroot de slagingskans van projecten en levert de opdrachtgever aantoonbare meerwaarde.<\/span><\/li>\n<\/ul>\n<\/div><\/div><\/div><div class=\"fusion-panel panel-default panel-1a28e9473e12d2f01 fusion-toggle-no-divider\"><div class=\"panel-heading\"><h4 class=\"panel-title toggle\" id=\"toggle_1a28e9473e12d2f01\"><a aria-expanded=\"false\" aria-controls=\"1a28e9473e12d2f01\" role=\"button\" data-toggle=\"collapse\" data-target=\"#1a28e9473e12d2f01\" href=\"#1a28e9473e12d2f01\"><span class=\"fusion-toggle-icon-wrapper\" aria-hidden=\"true\"><i class=\"fa-fusion-box active-icon fa-angle-down fas\" aria-hidden=\"true\"><\/i><i class=\"fa-fusion-box inactive-icon fa-angle-right fas\" aria-hidden=\"true\"><\/i><\/span><span class=\"fusion-toggle-heading\">Rolverdeling<\/span><\/a><\/h4><\/div><div id=\"1a28e9473e12d2f01\" class=\"panel-collapse collapse \" aria-labelledby=\"toggle_1a28e9473e12d2f01\"><div class=\"panel-body toggle-content fusion-clearfix\">\n<ul>\n<li>De partnerorganisatie blijft hoofdaannemer en aanspreekpunt voor de opdrachtgever.<\/li>\n<li>De Moedsmederij levert expertise, methodiek en begeleiding binnen het traject.<\/li>\n<li>Voor de opdrachtgever ontstaat zo \u00e9\u00e9n ge\u00efntegreerde aanpak: inhoud en randvoorwaarden worden tegelijk geborgd.<\/li>\n<\/ul>\n<\/div><\/div><\/div><div class=\"fusion-panel panel-default panel-3fb35f2efa70a222c fusion-toggle-no-divider\"><div class=\"panel-heading\"><h4 class=\"panel-title toggle\" id=\"toggle_3fb35f2efa70a222c\"><a aria-expanded=\"false\" aria-controls=\"3fb35f2efa70a222c\" role=\"button\" data-toggle=\"collapse\" data-target=\"#3fb35f2efa70a222c\" href=\"#3fb35f2efa70a222c\"><span class=\"fusion-toggle-icon-wrapper\" aria-hidden=\"true\"><i class=\"fa-fusion-box active-icon fa-angle-down fas\" aria-hidden=\"true\"><\/i><i class=\"fa-fusion-box inactive-icon fa-angle-right fas\" aria-hidden=\"true\"><\/i><\/span><span class=\"fusion-toggle-heading\">Voordelen<\/span><\/a><\/h4><\/div><div id=\"3fb35f2efa70a222c\" class=\"panel-collapse collapse \" aria-labelledby=\"toggle_3fb35f2efa70a222c\"><div class=\"panel-body toggle-content fusion-clearfix\">\n<ul>\n<li>Voor de partnerorganisatie: een onderscheidend element dat vaak ontbreekt in verandertrajecten. Waar zij vooral gevraagd worden voor strategie en structuur, zijn wij geloofwaardig in het versterken van de menselijke kant. Samen maken we de propositie compleet.<\/li>\n<li>Voor De Moedsmederij: samenwerking in trajecten waar de impact groot is en psychologische veiligheid een randvoorwaarde vormt.<\/li>\n<li>Voor de opdrachtgever: \u00e9\u00e9n ge\u00efntegreerde aanpak die zowel de inhoud als de randvoorwaarden borgt.<\/li>\n<\/ul>\n<\/div><\/div><\/div><div class=\"fusion-panel panel-default panel-3252260e2c5e2290a fusion-toggle-no-divider\"><div class=\"panel-heading\"><h4 class=\"panel-title toggle\" id=\"toggle_3252260e2c5e2290a\"><a aria-expanded=\"false\" aria-controls=\"3252260e2c5e2290a\" role=\"button\" data-toggle=\"collapse\" data-target=\"#3252260e2c5e2290a\" href=\"#3252260e2c5e2290a\"><span class=\"fusion-toggle-icon-wrapper\" aria-hidden=\"true\"><i class=\"fa-fusion-box active-icon fa-angle-down fas\" aria-hidden=\"true\"><\/i><i class=\"fa-fusion-box inactive-icon fa-angle-right fas\" aria-hidden=\"true\"><\/i><\/span><span class=\"fusion-toggle-heading\">Waarom dit werkt<\/span><\/a><\/h4><\/div><div id=\"3252260e2c5e2290a\" class=\"panel-collapse collapse \" aria-labelledby=\"toggle_3252260e2c5e2290a\"><div class=\"panel-body toggle-content fusion-clearfix\">\n<ul>\n<li>Sterke propositie: wij brengen de menselijke kant die vaak ontbreekt. Als veiligheid en moed ontbreken, lopen projecten vast. Met onze inzet wordt succes geborgd: een soort verzekering dat verandering echt slaagt.<\/li>\n<li>Unieke invalshoek: we nemen niet de rol van veranderaar of strateeg over, maar cre\u00ebren de randvoorwaarde dat het gesprek gevoerd k\u00e1n worden en mensen zich durven uitspreken. Daarmee zijn we complementair in plaats van concurrerend.<\/li>\n<li>Heldere positionering: ons aanbod bestaat uit een haalbaarheidsscan en een interventieplan met moedige werkvormen dat voorafgaat aan of parallel loopt met het project. Zo wordt vanaf het begin duidelijk waar kansen en risico\u2019s liggen.<\/li>\n<\/ul>\n<\/div><\/div><\/div><\/div><\/div><\/div><\/div><\/div><\/div><\/div><\/div><\/div><div class=\"fusion-fullwidth fullwidth-box fusion-builder-row-2 fusion-flex-container has-pattern-background has-mask-background nonhundred-percent-fullwidth non-hundred-percent-height-scrolling\" style=\"--awb-border-radius-top-left:0px;--awb-border-radius-top-right:0px;--awb-border-radius-bottom-right:0px;--awb-border-radius-bottom-left:0px;--awb-flex-wrap:wrap;\" ><div class=\"fusion-builder-row fusion-row fusion-flex-align-items-flex-start fusion-flex-content-wrap\" style=\"max-width:1248px;margin-left: calc(-4% \/ 2 );margin-right: calc(-4% \/ 2 );\"><\/div><\/div><\/p>\n","protected":false},"excerpt":{"rendered":"","protected":false},"author":1,"featured_media":0,"parent":0,"menu_order":0,"comment_status":"closed","ping_status":"closed","template":"100-width.php","meta":{"footnotes":""},"class_list":["post-23","page","type-page","status-publish","hentry"],"yoast_head":"<!-- This site is optimized with the Yoast SEO plugin v27.6 - https:\/\/yoast.com\/product\/yoast-seo-wordpress\/ -->\n<title>Partner worden - De Moedsmederij<\/title>\n<meta name=\"robots\" content=\"index, follow, max-snippet:-1, max-image-preview:large, max-video-preview:-1\" \/>\n<link rel=\"canonical\" href=\"https:\/\/moedsmederij.nl\/?page_id=23\" \/>\n<meta property=\"og:locale\" content=\"nl_NL\" \/>\n<meta property=\"og:type\" content=\"article\" \/>\n<meta property=\"og:title\" content=\"Partner worden - De Moedsmederij\" \/>\n<meta property=\"og:url\" content=\"https:\/\/moedsmederij.nl\/?page_id=23\" \/>\n<meta property=\"og:site_name\" content=\"De Moedsmederij\" \/>\n<meta property=\"article:modified_time\" content=\"2026-01-21T21:33:57+00:00\" \/>\n<meta name=\"twitter:card\" content=\"summary_large_image\" \/>\n<script type=\"application\/ld+json\" class=\"yoast-schema-graph\">{\"@context\":\"https:\\\/\\\/schema.org\",\"@graph\":[{\"@type\":\"WebPage\",\"@id\":\"https:\\\/\\\/moedsmederij.nl\\\/?page_id=23\",\"url\":\"https:\\\/\\\/moedsmederij.nl\\\/?page_id=23\",\"name\":\"Partner worden - De Moedsmederij\",\"isPartOf\":{\"@id\":\"https:\\\/\\\/moedsmederij.nl\\\/#website\"},\"datePublished\":\"2025-11-29T20:38:19+00:00\",\"dateModified\":\"2026-01-21T21:33:57+00:00\",\"breadcrumb\":{\"@id\":\"https:\\\/\\\/moedsmederij.nl\\\/?page_id=23#breadcrumb\"},\"inLanguage\":\"nl-NL\",\"potentialAction\":[{\"@type\":\"ReadAction\",\"target\":[\"https:\\\/\\\/moedsmederij.nl\\\/?page_id=23\"]}]},{\"@type\":\"BreadcrumbList\",\"@id\":\"https:\\\/\\\/moedsmederij.nl\\\/?page_id=23#breadcrumb\",\"itemListElement\":[{\"@type\":\"ListItem\",\"position\":1,\"name\":\"Home\",\"item\":\"https:\\\/\\\/moedsmederij.nl\\\/\"},{\"@type\":\"ListItem\",\"position\":2,\"name\":\"Partner worden\"}]},{\"@type\":\"WebSite\",\"@id\":\"https:\\\/\\\/moedsmederij.nl\\\/#website\",\"url\":\"https:\\\/\\\/moedsmederij.nl\\\/\",\"name\":\"De Moedsmederij\",\"description\":\"\",\"potentialAction\":[{\"@type\":\"SearchAction\",\"target\":{\"@type\":\"EntryPoint\",\"urlTemplate\":\"https:\\\/\\\/moedsmederij.nl\\\/?s={search_term_string}\"},\"query-input\":{\"@type\":\"PropertyValueSpecification\",\"valueRequired\":true,\"valueName\":\"search_term_string\"}}],\"inLanguage\":\"nl-NL\"}]}<\/script>\n<!-- \/ Yoast SEO plugin. -->","yoast_head_json":{"title":"Partner worden - De Moedsmederij","robots":{"index":"index","follow":"follow","max-snippet":"max-snippet:-1","max-image-preview":"max-image-preview:large","max-video-preview":"max-video-preview:-1"},"canonical":"https:\/\/moedsmederij.nl\/?page_id=23","og_locale":"nl_NL","og_type":"article","og_title":"Partner worden - De Moedsmederij","og_url":"https:\/\/moedsmederij.nl\/?page_id=23","og_site_name":"De Moedsmederij","article_modified_time":"2026-01-21T21:33:57+00:00","twitter_card":"summary_large_image","schema":{"@context":"https:\/\/schema.org","@graph":[{"@type":"WebPage","@id":"https:\/\/moedsmederij.nl\/?page_id=23","url":"https:\/\/moedsmederij.nl\/?page_id=23","name":"Partner worden - De Moedsmederij","isPartOf":{"@id":"https:\/\/moedsmederij.nl\/#website"},"datePublished":"2025-11-29T20:38:19+00:00","dateModified":"2026-01-21T21:33:57+00:00","breadcrumb":{"@id":"https:\/\/moedsmederij.nl\/?page_id=23#breadcrumb"},"inLanguage":"nl-NL","potentialAction":[{"@type":"ReadAction","target":["https:\/\/moedsmederij.nl\/?page_id=23"]}]},{"@type":"BreadcrumbList","@id":"https:\/\/moedsmederij.nl\/?page_id=23#breadcrumb","itemListElement":[{"@type":"ListItem","position":1,"name":"Home","item":"https:\/\/moedsmederij.nl\/"},{"@type":"ListItem","position":2,"name":"Partner worden"}]},{"@type":"WebSite","@id":"https:\/\/moedsmederij.nl\/#website","url":"https:\/\/moedsmederij.nl\/","name":"De Moedsmederij","description":"","potentialAction":[{"@type":"SearchAction","target":{"@type":"EntryPoint","urlTemplate":"https:\/\/moedsmederij.nl\/?s={search_term_string}"},"query-input":{"@type":"PropertyValueSpecification","valueRequired":true,"valueName":"search_term_string"}}],"inLanguage":"nl-NL"}]}},"_links":{"self":[{"href":"https:\/\/moedsmederij.nl\/index.php?rest_route=\/wp\/v2\/pages\/23","targetHints":{"allow":["GET"]}}],"collection":[{"href":"https:\/\/moedsmederij.nl\/index.php?rest_route=\/wp\/v2\/pages"}],"about":[{"href":"https:\/\/moedsmederij.nl\/index.php?rest_route=\/wp\/v2\/types\/page"}],"author":[{"embeddable":true,"href":"https:\/\/moedsmederij.nl\/index.php?rest_route=\/wp\/v2\/users\/1"}],"replies":[{"embeddable":true,"href":"https:\/\/moedsmederij.nl\/index.php?rest_route=%2Fwp%2Fv2%2Fcomments&post=23"}],"version-history":[{"count":3,"href":"https:\/\/moedsmederij.nl\/index.php?rest_route=\/wp\/v2\/pages\/23\/revisions"}],"predecessor-version":[{"id":128,"href":"https:\/\/moedsmederij.nl\/index.php?rest_route=\/wp\/v2\/pages\/23\/revisions\/128"}],"wp:attachment":[{"href":"https:\/\/moedsmederij.nl\/index.php?rest_route=%2Fwp%2Fv2%2Fmedia&parent=23"}],"curies":[{"name":"wp","href":"https:\/\/api.w.org\/{rel}","templated":true}]}}